{"id":6663,"date":"2022-08-24T03:44:13","date_gmt":"2022-08-24T03:44:13","guid":{"rendered":"http:\/\/ccihatx.cluster023.hosting.ovh.net\/?page_id=26"},"modified":"2024-07-15T18:34:38","modified_gmt":"2024-07-15T16:34:38","slug":"nos-soins","status":"publish","type":"page","link":"https:\/\/nellidaspa.com\/index.php\/nos-soins\/","title":{"rendered":"Nos Soins"},"content":{"rendered":"\t\t<div data-elementor-type=\"wp-page\" data-elementor-id=\"6663\" class=\"elementor elementor-6663\">\n\t\t\t\t<div class=\"elementor-element elementor-element-c546cb5 e-con-full e-flex e-con e-parent\" data-id=\"c546cb5\" data-element_type=\"container\" data-e-type=\"container\">\n\t\t\t\t<div class=\"elementor-element elementor-element-4a62344 elementor-widget elementor-widget-image\" data-id=\"4a62344\" data-element_type=\"widget\" data-e-type=\"widget\" data-widget_type=\"image.default\">\n\t\t\t\t<div class=\"elementor-widget-container\">\n\t\t\t\t\t\t\t\t\t\t\t\t\t\t\t<img decoding=\"async\" src=\"https:\/\/nellidaspa.com\/wp-content\/uploads\/2024\/07\/african-woman-having-face-massage-relaxing-in-spa-2024-04-22-20-33-04-utc.png\" title=\"african-woman-having-face-massage-relaxing-in-spa-2024-04-22-20-33-04-utc\" alt=\"african-woman-having-face-massage-relaxing-in-spa-2024-04-22-20-33-04-utc\" loading=\"lazy\" \/>\t\t\t\t\t\t\t\t\t\t\t\t\t\t\t<\/div>\n\t\t\t\t<\/div>\n\t\t\t\t<\/div>\n\t\t\t\t<section class=\"elementor-section elementor-top-section elementor-element elementor-element-f22747d elementor-section-boxed elementor-section-height-default elementor-section-height-default\" data-id=\"f22747d\" data-element_type=\"section\" data-e-type=\"section\">\n\t\t\t\t\t\t<div class=\"elementor-container elementor-column-gap-default\">\n\t\t\t\t\t<div class=\"elementor-column elementor-col-100 elementor-top-column elementor-element elementor-element-4e40d0f\" data-id=\"4e40d0f\" data-element_type=\"column\" data-e-type=\"column\">\n\t\t\t<div class=\"elementor-widget-wrap elementor-element-populated\">\n\t\t\t\t\t\t<div class=\"elementor-element elementor-element-93425eb elementor-widget elementor-widget-ovasev_elementor_service_box\" data-id=\"93425eb\" data-element_type=\"widget\" data-e-type=\"widget\" data-widget_type=\"ovasev_elementor_service_box.default\">\n\t\t\t\t<div class=\"elementor-widget-container\">\n\t\t\t\t\t\n<div class=\"ova-service-box-elementor two_column\">\n\n\t\n\t<div class=\"ova-service-box ova-service-box-template1\">\n\n\t\t \n\t\t    <div class=\"mask\" style=\"background-image: url(http:\/\/ccihatx.cluster023.hosting.ovh.net\/wp-content\/uploads\/2022\/08\/flowers2.png)\"><\/div>\n\t    \n\t    <div class=\"img-service\">\t\n\t    \t<img decoding=\"async\" src=\"https:\/\/nellidaspa.com\/wp-content\/uploads\/2022\/08\/jet-thermale.png\" alt=\"Soins Amincissants\">\n\t    \t\t\t\t\t<div class=\"icon\">\n\t\t\t\t\t<i class=\"flaticon-facial-mask-1\"><\/i>\n\t\t\t\t<\/div>\n\t\t\t\t    <\/div>\n\t    \n\t    <div class=\"info\">\n\t    \t\t\t\t\t<a href=\"https:\/\/nellidaspa.com\/index.php\/service\/soins-amincissants\/\"  title=\"Soins Amincissants\">\n\t\t\t\n\t\t        \t\t\t\t\t<h4 class=\"title\">\n\t\t\t\t\t\tSoins Amincissants\t\t\t\t\t<\/h4>\n\t\t\t\t\n\t\t\t\t\t\t\t<\/a>\n\t\t\t           \n            \t\t\t\t\t\t\t\t\t<p class=\"description\">\n\t\t\t\t\t\tPrendre soin de son corps, c\u2019est \u00eatre bien avec soi-m\u00eame et avoir, de soi, une image positive.\t\t\t\t\t<\/p>\n\t\t\t\t\t\t\t\n\t\t\t<a class=\"book-button\" href=\"https:\/\/nellidaspa.com\/index.php\/service\/soins-amincissants\/\"  title=\"Soins Amincissants\">\n\t\t\t\tVoir les soins\t\t\t\t<i class=\"flaticon flaticon-right-arrow\"><\/i>\n\t\t\t<\/a>\n\t    <\/div>\n\n\t<\/div>\n\t<div class=\"ova-service-box ova-service-box-template1\">\n\n\t\t \n\t\t    <div class=\"mask\" style=\"background-image: url(http:\/\/ccihatx.cluster023.hosting.ovh.net\/wp-content\/uploads\/2022\/08\/flowers2.png)\"><\/div>\n\t    \n\t    <div class=\"img-service\">\t\n\t    \t<img decoding=\"async\" src=\"https:\/\/nellidaspa.com\/wp-content\/uploads\/2022\/08\/bandages.png\" alt=\"Soins circulatoires\">\n\t    \t\t\t\t\t<div class=\"icon\">\n\t\t\t\t\t<i class=\"flaticon-massage-2\"><\/i>\n\t\t\t\t<\/div>\n\t\t\t\t    <\/div>\n\t    \n\t    <div class=\"info\">\n\t    \t\t\t\t\t<a href=\"https:\/\/nellidaspa.com\/index.php\/service\/soins-circulatoires\/\"  title=\"Soins circulatoires\">\n\t\t\t\n\t\t        \t\t\t\t\t<h4 class=\"title\">\n\t\t\t\t\t\tSoins circulatoires\t\t\t\t\t<\/h4>\n\t\t\t\t\n\t\t\t\t\t\t\t<\/a>\n\t\t\t           \n            \t\t\t\t\t\t\t\t\t<p class=\"description\">\n\t\t\t\t\t\tLe drainage lymphatique est le processus d\u2019\u00e9limination de l\u2019exc\u00e8s de liquide, des d\u00e9chets m\u00e9taboliques et des toxines du syst\u00e8me lymphatique du corps.\t\t\t\t\t<\/p>\n\t\t\t\t\t\t\t\n\t\t\t<a class=\"book-button\" href=\"https:\/\/nellidaspa.com\/index.php\/service\/soins-circulatoires\/\"  title=\"Soins circulatoires\">\n\t\t\t\tVoir les soins\t\t\t\t<i class=\"flaticon flaticon-right-arrow\"><\/i>\n\t\t\t<\/a>\n\t    <\/div>\n\n\t<\/div>\n\t<div class=\"ova-service-box ova-service-box-template1\">\n\n\t\t \n\t\t    <div class=\"mask\" style=\"background-image: url(http:\/\/ccihatx.cluster023.hosting.ovh.net\/wp-content\/uploads\/2022\/08\/flowers2.png)\"><\/div>\n\t    \n\t    <div class=\"img-service\">\t\n\t    \t<img decoding=\"async\" src=\"https:\/\/nellidaspa.com\/wp-content\/uploads\/2022\/08\/duo-2-768x660.png\" alt=\"Soins Relaxants\">\n\t    \t\t\t\t\t<div class=\"icon\">\n\t\t\t\t\t<i class=\"flaticon-lotus\"><\/i>\n\t\t\t\t<\/div>\n\t\t\t\t    <\/div>\n\t    \n\t    <div class=\"info\">\n\t    \t\t\t\t\t<a href=\"https:\/\/nellidaspa.com\/index.php\/service\/soins-relaxants\/\"  title=\"Soins Relaxants\">\n\t\t\t\n\t\t        \t\t\t\t\t<h4 class=\"title\">\n\t\t\t\t\t\tSoins Relaxants\t\t\t\t\t<\/h4>\n\t\t\t\t\n\t\t\t\t\t\t\t<\/a>\n\t\t\t           \n            \t\t\t\t\t\t\t\t\t<p class=\"description\">\n\t\t\t\t\t\tLa relaxation, c\u2019est notre m\u00e9tier ! Comptez sur nos experts en massages relaxants pour vous offrir un moment de bien-\u00eatre et de d\u00e9tente.  \t\t\t\t\t<\/p>\n\t\t\t\t\t\t\t\n\t\t\t<a class=\"book-button\" href=\"https:\/\/nellidaspa.com\/index.php\/service\/soins-relaxants\/\"  title=\"Soins Relaxants\">\n\t\t\t\tVoir les soins\t\t\t\t<i class=\"flaticon flaticon-right-arrow\"><\/i>\n\t\t\t<\/a>\n\t    <\/div>\n\n\t<\/div>\n\t<div class=\"ova-service-box ova-service-box-template1\">\n\n\t\t \n\t\t    <div class=\"mask\" style=\"background-image: url(http:\/\/ccihatx.cluster023.hosting.ovh.net\/wp-content\/uploads\/2022\/08\/flowers2.png)\"><\/div>\n\t    \n\t    <div class=\"img-service\">\t\n\t    \t<img decoding=\"async\" src=\"https:\/\/nellidaspa.com\/wp-content\/uploads\/2022\/08\/shutterstock_24820570411-768x660.jpg\" alt=\"Soins Esth\u00e9tiques\">\n\t    \t\t\t\t\t<div class=\"icon\">\n\t\t\t\t\t<i class=\"flaticon-stones\"><\/i>\n\t\t\t\t<\/div>\n\t\t\t\t    <\/div>\n\t    \n\t    <div class=\"info\">\n\t    \t\t\t\t\t<a href=\"https:\/\/nellidaspa.com\/index.php\/service\/thermo-stone\/\"  title=\"Soins Esth\u00e9tiques\">\n\t\t\t\n\t\t        \t\t\t\t\t<h4 class=\"title\">\n\t\t\t\t\t\tSoins Esth\u00e9tiques\t\t\t\t\t<\/h4>\n\t\t\t\t\n\t\t\t\t\t\t\t<\/a>\n\t\t\t           \n            \t\t\t\t\t\t\t\t\t<p class=\"description\">\n\t\t\t\t\t\tUn coup d\u2019\u00e9clat ? Un soin endermolift (LPG) ? Un soin purifiant ou un remodelage de l\u2019ovale du visage ? Comptez sur nos sp\u00e9cialistes pour prendre soin de votre visage et lui redonner du tonus et de l\u2019\u00e9clat !\t\t\t\t\t<\/p>\n\t\t\t\t\t\t\t\n\t\t\t<a class=\"book-button\" href=\"https:\/\/nellidaspa.com\/index.php\/service\/thermo-stone\/\"  title=\"Soins Esth\u00e9tiques\">\n\t\t\t\tVoir les soins\t\t\t\t<i class=\"flaticon flaticon-right-arrow\"><\/i>\n\t\t\t<\/a>\n\t    <\/div>\n\n\t<\/div>\n<\/div>\t\t\t\t<\/div>\n\t\t\t\t<\/div>\n\t\t\t\t\t<\/div>\n\t\t<\/div>\n\t\t\t\t\t<\/div>\n\t\t<\/section>\n\t\t\t\t<\/div>\n\t\t","protected":false},"excerpt":{"rendered":"<p>Soins Amincissants Prendre soin de son corps, c\u2019est \u00eatre bien avec soi-m\u00eame et avoir, de soi, une image positive. Voir les soins Soins circulatoires Le drainage lymphatique est le processus d\u2019\u00e9limination de l\u2019exc\u00e8s de liquide, des d\u00e9chets m\u00e9taboliques et des toxines du syst\u00e8me lymphatique du corps. Voir les soins Soins Relaxants La relaxation, c\u2019est notre [&hellip;]<\/p>\n","protected":false},"author":1,"featured_media":0,"parent":0,"menu_order":0,"comment_status":"closed","ping_status":"closed","template":"elementor_header_footer","meta":{"_monsterinsights_skip_tracking":false,"_monsterinsights_sitenote_active":false,"_monsterinsights_sitenote_note":"","_monsterinsights_sitenote_category":0,"footnotes":""},"class_list":["post-6663","page","type-page","status-publish","hentry"],"aioseo_notices":[],"_links":{"self":[{"href":"https:\/\/nellidaspa.com\/index.php\/wp-json\/wp\/v2\/pages\/6663","targetHints":{"allow":["GET"]}}],"collection":[{"href":"https:\/\/nellidaspa.com\/index.php\/wp-json\/wp\/v2\/pages"}],"about":[{"href":"https:\/\/nellidaspa.com\/index.php\/wp-json\/wp\/v2\/types\/page"}],"author":[{"embeddable":true,"href":"https:\/\/nellidaspa.com\/index.php\/wp-json\/wp\/v2\/users\/1"}],"replies":[{"embeddable":true,"href":"https:\/\/nellidaspa.com\/index.php\/wp-json\/wp\/v2\/comments?post=6663"}],"version-history":[{"count":14,"href":"https:\/\/nellidaspa.com\/index.php\/wp-json\/wp\/v2\/pages\/6663\/revisions"}],"predecessor-version":[{"id":6981,"href":"https:\/\/nellidaspa.com\/index.php\/wp-json\/wp\/v2\/pages\/6663\/revisions\/6981"}],"wp:attachment":[{"href":"https:\/\/nellidaspa.com\/index.php\/wp-json\/wp\/v2\/media?parent=6663"}],"curies":[{"name":"wp","href":"https:\/\/api.w.org\/{rel}","templated":true}]}}